{"id":1235,"date":"2019-12-23T13:19:15","date_gmt":"2019-12-23T12:19:15","guid":{"rendered":"http:\/\/almudenatorro.com\/es\/?page_id=1235"},"modified":"2025-09-15T18:43:33","modified_gmt":"2025-09-15T18:43:33","slug":"contacto","status":"publish","type":"page","link":"https:\/\/almudenatorro.com\/es\/contacto\/","title":{"rendered":"Contacto"},"content":{"rendered":"\n\t<section class=\"section\" id=\"section_2135208305\">\n\t\t<div class=\"section-bg fill\" >\n\t\t\t\t\t\t\t\t\t<div class=\"section-bg-overlay absolute fill\"><\/div>\n\t\t\t\n\n\t\t<\/div>\n\n\t\t\n\n\t\t<div class=\"section-content relative\">\n\t\t\t\n<div class=\"row row-large\"  id=\"row-1309351776\">\n\n\t<div id=\"col-816012579\" class=\"col medium-5 small-12 large-5\"  >\n\t\t\t\t<div class=\"col-inner text-left\"  >\n\t\t\t\n\t\t\t\n<h2>Contacta<\/h2>\n<div class=\"wpforms-container wpforms-container-full\" id=\"wpforms-2881\"><form id=\"wpforms-form-2881\" class=\"wpforms-validate wpforms-form wpforms-ajax-form\" data-formid=\"2881\" method=\"post\" enctype=\"multipart\/form-data\" action=\"\/es\/wp-json\/wp\/v2\/pages\/1235\" data-token=\"cf249665f30c82f06be107eea192e2fd\" data-token-time=\"1777790606\"><noscript class=\"wpforms-error-noscript\">Por favor, activa JavaScript en tu navegador para completar este formulario.<\/noscript><div class=\"wpforms-field-container\"><div id=\"wpforms-2881-field_0-container\" class=\"wpforms-field wpforms-field-name\" data-field-id=\"0\"><label class=\"wpforms-field-label\">Nombre <span class=\"wpforms-required-label\">*<\/span><\/label><div class=\"wpforms-field-row wpforms-field-medium\"><div class=\"wpforms-field-row-block wpforms-first wpforms-one-half\"><input type=\"text\" id=\"wpforms-2881-field_0\" class=\"wpforms-field-name-first wpforms-field-required\" name=\"wpforms[fields][0][first]\" required><label for=\"wpforms-2881-field_0\" class=\"wpforms-field-sublabel after\">Nombre<\/label><\/div><div class=\"wpforms-field-row-block wpforms-one-half\"><input type=\"text\" id=\"wpforms-2881-field_0-last\" class=\"wpforms-field-name-last wpforms-field-required\" name=\"wpforms[fields][0][last]\" required><label for=\"wpforms-2881-field_0-last\" class=\"wpforms-field-sublabel after\">Apellidos<\/label><\/div><\/div><\/div><div id=\"wpforms-2881-field_1-container\" class=\"wpforms-field wpforms-field-email\" data-field-id=\"1\"><label class=\"wpforms-field-label\" for=\"wpforms-2881-field_1\">Correo electr\u00f3nico <span class=\"wpforms-required-label\">*<\/span><\/label><input type=\"email\" id=\"wpforms-2881-field_1\" class=\"wpforms-field-medium wpforms-field-required\" name=\"wpforms[fields][1]\" spellcheck=\"false\" required><\/div><div id=\"wpforms-2881-field_2-container\" class=\"wpforms-field wpforms-field-textarea\" data-field-id=\"2\"><label class=\"wpforms-field-label\" for=\"wpforms-2881-field_2\">Comentario o mensaje<\/label><textarea id=\"wpforms-2881-field_2\" class=\"wpforms-field-medium\" name=\"wpforms[fields][2]\" ><\/textarea><\/div><div id=\"wpforms-2881-field_3-container\" class=\"wpforms-field wpforms-field-gdpr-checkbox\" data-field-id=\"3\"><label class=\"wpforms-field-label\">Por favor, antes de enviar el mensaje, lee la Pol\u00edtica de privacidad y el aviso legal de este sitio web. <span class=\"wpforms-required-label\">*<\/span><\/label><ul id=\"wpforms-2881-field_3\" class=\"wpforms-field-required\"><li class=\"choice-1\"><input type=\"checkbox\" id=\"wpforms-2881-field_3_1\" name=\"wpforms[fields][3][]\" value=\"Me cedes estos datos exclusivamente para contactar contigo y hablar sobre el tema que especificas en el mensaje. Tus datos no ser\u00e1n almacenados ni procesados.\" required ><label class=\"wpforms-field-label-inline\" for=\"wpforms-2881-field_3_1\">Me cedes estos datos exclusivamente para contactar contigo y hablar sobre el tema que especificas en el mensaje. Tus datos no ser\u00e1n almacenados ni procesados.<\/label><\/li><\/ul><\/div><\/div><!-- .wpforms-field-container --><div class=\"wpforms-submit-container\" ><input type=\"hidden\" name=\"wpforms[id]\" value=\"2881\"><input type=\"hidden\" name=\"page_title\" value=\"\"><input type=\"hidden\" name=\"page_url\" value=\"https:\/\/almudenatorro.com\/es\/wp-json\/wp\/v2\/pages\/1235\"><input type=\"hidden\" name=\"url_referer\" value=\"\"><button type=\"submit\" name=\"wpforms[submit]\" id=\"wpforms-submit-2881\" class=\"wpforms-submit\" data-alt-text=\"Enviando...\" data-submit-text=\"Enviar\" aria-live=\"assertive\" value=\"wpforms-submit\">Enviar<\/button><img loading=\"lazy\" decoding=\"async\" src=\"https:\/\/almudenatorro.com\/wp-content\/plugins\/wpforms-lite\/assets\/images\/submit-spin.svg\" class=\"wpforms-submit-spinner\" style=\"display: none;\" width=\"26\" height=\"26\" alt=\"Cargando\"><\/div><\/form><\/div>  <!-- .wpforms-container -->\n\t\t<\/div>\n\t\t\t\t\t<\/div>\n\n\t\n\n\t<div id=\"col-536671798\" class=\"col medium-7 small-12 large-7\"  >\n\t\t\t\t<div class=\"col-inner\"  >\n\t\t\t\n\t\t\t\n\t<div class=\"img has-hover x md-x lg-x y md-y lg-y\" id=\"image_494319992\">\n\t\t\t\t\t\t\t\t<div class=\"img-inner box-shadow-2 dark\" >\n\t\t\t\t\t\t\t\t\t\n\t\t\t\t\t<\/div>\n\t\t\t\t\t\t\t\t\n<style>\n#image_494319992 {\n  width: 100%;\n}\n<\/style>\n\t<\/div>\n\t\n<p>\n<div class=\"slider-wrapper relative\" id=\"slider-1474237951\" >\n    <div class=\"slider slider-nav-circle slider-nav-large slider-nav-light slider-style-normal\"\n        data-flickity-options='{\n            \"cellAlign\": \"center\",\n            \"imagesLoaded\": true,\n            \"lazyLoad\": 1,\n            \"freeScroll\": false,\n            \"wrapAround\": true,\n            \"autoPlay\": 3000,\n            \"pauseAutoPlayOnHover\" : true,\n            \"prevNextButtons\": true,\n            \"contain\" : true,\n            \"adaptiveHeight\" : true,\n            \"dragThreshold\" : 10,\n            \"percentPosition\": true,\n            \"pageDots\": true,\n            \"rightToLeft\": false,\n            \"draggable\": true,\n            \"selectedAttraction\": 0.1,\n            \"parallax\" : 0,\n            \"friction\": 0.6        }'\n        >\n        \n<p>\n\t<div class=\"img has-hover x md-x lg-x y md-y lg-y\" id=\"image_1912021035\">\n\t\t\t\t\t\t\t\t<div class=\"img-inner dark\" >\n\t\t\t\t\t\t\t\t\t\n\t\t\t\t\t<\/div>\n\t\t\t\t\t\t\t\t\n<style>\n#image_1912021035 {\n  width: 100%;\n}\n<\/style>\n\t<\/div>\n\t\n<p>\n\t<div class=\"img has-hover x md-x lg-x y md-y lg-y\" id=\"image_1213779537\">\n\t\t\t\t\t\t\t\t<div class=\"img-inner dark\" >\n\t\t\t<img loading=\"lazy\" decoding=\"async\" width=\"1020\" height=\"1020\" src=\"https:\/\/almudenatorro.com\/wp-content\/uploads\/2025\/08\/Renaissance-4-1-1024x1024.jpg\" class=\"attachment-large size-large\" alt=\"\" srcset=\"https:\/\/almudenatorro.com\/wp-content\/uploads\/2025\/08\/Renaissance-4-1-1024x1024.jpg 1024w, https:\/\/almudenatorro.com\/wp-content\/uploads\/2025\/08\/Renaissance-4-1-300x300.jpg 300w, https:\/\/almudenatorro.com\/wp-content\/uploads\/2025\/08\/Renaissance-4-1-150x150.jpg 150w, https:\/\/almudenatorro.com\/wp-content\/uploads\/2025\/08\/Renaissance-4-1-768x768.jpg 768w, https:\/\/almudenatorro.com\/wp-content\/uploads\/2025\/08\/Renaissance-4-1-1536x1536.jpg 1536w, https:\/\/almudenatorro.com\/wp-content\/uploads\/2025\/08\/Renaissance-4-1-2048x2048.jpg 2048w\" sizes=\"auto, (max-width: 1020px) 100vw, 1020px\" \/>\t\t\t\t\t\t\n\t\t\t\t\t<\/div>\n\t\t\t\t\t\t\t\t\n<style>\n#image_1213779537 {\n  width: 100%;\n}\n<\/style>\n\t<\/div>\n\t\n<p>\n\t<div class=\"img has-hover x md-x lg-x y md-y lg-y\" id=\"image_150498411\">\n\t\t\t\t\t\t\t\t<div class=\"img-inner dark\" >\n\t\t\t<img loading=\"lazy\" decoding=\"async\" width=\"1020\" height=\"1020\" src=\"https:\/\/almudenatorro.com\/wp-content\/uploads\/2025\/08\/Ethereal-10-1-1024x1024.jpg\" class=\"attachment-large size-large\" alt=\"\" srcset=\"https:\/\/almudenatorro.com\/wp-content\/uploads\/2025\/08\/Ethereal-10-1-1024x1024.jpg 1024w, https:\/\/almudenatorro.com\/wp-content\/uploads\/2025\/08\/Ethereal-10-1-300x300.jpg 300w, https:\/\/almudenatorro.com\/wp-content\/uploads\/2025\/08\/Ethereal-10-1-150x150.jpg 150w, https:\/\/almudenatorro.com\/wp-content\/uploads\/2025\/08\/Ethereal-10-1-768x768.jpg 768w, https:\/\/almudenatorro.com\/wp-content\/uploads\/2025\/08\/Ethereal-10-1-1536x1536.jpg 1536w, https:\/\/almudenatorro.com\/wp-content\/uploads\/2025\/08\/Ethereal-10-1-2048x2048.jpg 2048w\" sizes=\"auto, (max-width: 1020px) 100vw, 1020px\" \/>\t\t\t\t\t\t\n\t\t\t\t\t<\/div>\n\t\t\t\t\t\t\t\t\n<style>\n#image_150498411 {\n  width: 100%;\n}\n<\/style>\n\t<\/div>\n\t\n<p>\n\t<div class=\"img has-hover x md-x lg-x y md-y lg-y\" id=\"image_1912142218\">\n\t\t\t\t\t\t\t\t<div class=\"img-inner dark\" >\n\t\t\t\t\t\t\t\t\t\n\t\t\t\t\t<\/div>\n\t\t\t\t\t\t\t\t\n<style>\n#image_1912142218 {\n  width: 100%;\n}\n<\/style>\n\t<\/div>\n\t\n<p>\n\t<div class=\"img has-hover x md-x lg-x y md-y lg-y\" id=\"image_1155790974\">\n\t\t\t\t\t\t\t\t<div class=\"img-inner dark\" >\n\t\t\t<img loading=\"lazy\" decoding=\"async\" width=\"1020\" height=\"1020\" src=\"https:\/\/almudenatorro.com\/wp-content\/uploads\/2025\/08\/Renaissance-8-1-1024x1024.jpg\" class=\"attachment-large size-large\" alt=\"\" srcset=\"https:\/\/almudenatorro.com\/wp-content\/uploads\/2025\/08\/Renaissance-8-1-1024x1024.jpg 1024w, https:\/\/almudenatorro.com\/wp-content\/uploads\/2025\/08\/Renaissance-8-1-300x300.jpg 300w, https:\/\/almudenatorro.com\/wp-content\/uploads\/2025\/08\/Renaissance-8-1-150x150.jpg 150w, https:\/\/almudenatorro.com\/wp-content\/uploads\/2025\/08\/Renaissance-8-1-768x768.jpg 768w, https:\/\/almudenatorro.com\/wp-content\/uploads\/2025\/08\/Renaissance-8-1-1536x1536.jpg 1536w, https:\/\/almudenatorro.com\/wp-content\/uploads\/2025\/08\/Renaissance-8-1-2048x2048.jpg 2048w\" sizes=\"auto, (max-width: 1020px) 100vw, 1020px\" \/>\t\t\t\t\t\t\n\t\t\t\t\t<\/div>\n\t\t\t\t\t\t\t\t\n<style>\n#image_1155790974 {\n  width: 100%;\n}\n<\/style>\n\t<\/div>\n\t\n<p>\n\t<div class=\"img has-hover x md-x lg-x y md-y lg-y\" id=\"image_940486589\">\n\t\t\t\t\t\t\t\t<div class=\"img-inner dark\" >\n\t\t\t<img loading=\"lazy\" decoding=\"async\" width=\"1020\" height=\"1020\" src=\"https:\/\/almudenatorro.com\/wp-content\/uploads\/2025\/08\/Ethereal-11-1-1024x1024.jpg\" class=\"attachment-large size-large\" alt=\"Almudena Torr\u00f3 Sculptor\" srcset=\"https:\/\/almudenatorro.com\/wp-content\/uploads\/2025\/08\/Ethereal-11-1-1024x1024.jpg 1024w, https:\/\/almudenatorro.com\/wp-content\/uploads\/2025\/08\/Ethereal-11-1-300x300.jpg 300w, https:\/\/almudenatorro.com\/wp-content\/uploads\/2025\/08\/Ethereal-11-1-150x150.jpg 150w, https:\/\/almudenatorro.com\/wp-content\/uploads\/2025\/08\/Ethereal-11-1-768x768.jpg 768w, https:\/\/almudenatorro.com\/wp-content\/uploads\/2025\/08\/Ethereal-11-1-1536x1536.jpg 1536w, https:\/\/almudenatorro.com\/wp-content\/uploads\/2025\/08\/Ethereal-11-1-2048x2048.jpg 2048w\" sizes=\"auto, (max-width: 1020px) 100vw, 1020px\" \/>\t\t\t\t\t\t\n\t\t\t\t\t<\/div>\n\t\t\t\t\t\t\t\t\n<style>\n#image_940486589 {\n  width: 100%;\n}\n<\/style>\n\t<\/div>\n\t\n     <\/div>\n\n     <div class=\"loading-spin dark large centered\"><\/div>\n\n\t<\/div>\n\n\n<\/p>\n\t\t<\/div>\n\t\t\t\t\t<\/div>\n\n\t\n<\/div>\n<div class=\"text-center\"><div class=\"is-divider divider clearfix\" style=\"max-width:1900px;\"><\/div><\/div>\n<div class=\"row row-small row-full-width row-dashed\"  id=\"row-497837341\">\n\n\t<div id=\"col-1690489823\" class=\"col medium-2 large-2\"  >\n\t\t\t\t<div class=\"col-inner\"  >\n\t\t\t\n\t\t\t\n\t<div id=\"text-1355983283\" class=\"text\">\n\t\t\n<h2 style=\"text-align: center;\"><a href=\"https:\/\/almudenatorro.com\/es\/reencuentro\/\">Reencuentro<\/a><\/h2>\n\t\t\n<style>\n#text-1355983283 {\n  color: rgb(0,0,0);\n}\n#text-1355983283 > * {\n  color: rgb(0,0,0);\n}\n<\/style>\n\t<\/div>\n\t\n\t\t<\/div>\n\t\t\t\t\t<\/div>\n\n\t\n\n\t<div id=\"col-827280006\" class=\"col medium-2 small-12 large-2\"  >\n\t\t\t\t<div class=\"col-inner\"  >\n\t\t\t\n\t\t\t\n\t<div id=\"text-2686367921\" class=\"text\">\n\t\t\n<h2 style=\"text-align: center;\"><a href=\"https:\/\/almudenatorro.com\/es\/en-transito\/\">En tr\u00e1nsito<\/a><\/h2>\n\t\t\n<style>\n#text-2686367921 {\n  color: rgb(0,0,0);\n}\n#text-2686367921 > * {\n  color: rgb(0,0,0);\n}\n<\/style>\n\t<\/div>\n\t\n\t\t<\/div>\n\t\t\t\t\t<\/div>\n\n\t\n\n\t<div id=\"col-2034546490\" class=\"col medium-2 small-12 large-2\"  >\n\t\t\t\t<div class=\"col-inner\"  >\n\t\t\t\n\t\t\t\n\t<div id=\"text-2902800295\" class=\"text\">\n\t\t\n<h2 style=\"text-align: center;\"><a href=\"https:\/\/almudenatorro.com\/es\/e-panta-rei\/\">E-Panta rei<\/a><\/h2>\n<p>\n\t\t\n<style>\n#text-2902800295 {\n  color: rgb(0,0,0);\n}\n#text-2902800295 > * {\n  color: rgb(0,0,0);\n}\n<\/style>\n\t<\/div>\n\t\n\t\t<\/div>\n\t\t\t\t\t<\/div>\n\n\t\n\n\t<div id=\"col-2007750454\" class=\"col medium-2 large-2\"  >\n\t\t\t\t<div class=\"col-inner\"  >\n\t\t\t\n\t\t\t\n\t<div id=\"text-3295797291\" class=\"text\">\n\t\t\n<h2 style=\"text-align: center;\"><a href=\"https:\/\/almudenatorro.com\/es\/maranas\/\">Mara\u00f1as<\/a><\/h2>\n<p>\n\t\t\n<style>\n#text-3295797291 {\n  text-align: center;\n  color: rgb(0, 0, 0);\n}\n#text-3295797291 > * {\n  color: rgb(0, 0, 0);\n}\n<\/style>\n\t<\/div>\n\t\n\t\t<\/div>\n\t\t\t\t\t<\/div>\n\n\t\n\n\t<div id=\"col-557578266\" class=\"col medium-2 large-2\"  >\n\t\t\t\t<div class=\"col-inner\"  >\n\t\t\t\n\t\t\t\n\t<div id=\"text-4146012097\" class=\"text\">\n\t\t\n<h2 style=\"text-align: center;\"><a href=\"https:\/\/almudenatorro.com\/caminos\/\">Caminos<\/a><\/h2>\n<p>\n\t\t\n<style>\n#text-4146012097 {\n  color: rgb(0,0,0);\n}\n#text-4146012097 > * {\n  color: rgb(0,0,0);\n}\n<\/style>\n\t<\/div>\n\t\n\t\t<\/div>\n\t\t\t\t\t<\/div>\n\n\t\n\n\t<div id=\"col-1762957290\" class=\"col medium-2 small-12 large-2\"  >\n\t\t\t\t<div class=\"col-inner\"  >\n\t\t\t\n\t\t\t\n\t<div id=\"text-3589420516\" class=\"text\">\n\t\t\n<h2 style=\"text-align: center;\"><a href=\"https:\/\/almudenatorro.com\/es\/origen\/\">Origen<\/a><\/h2>\n\t\t\n<style>\n#text-3589420516 {\n  color: rgb(0,0,0);\n}\n#text-3589420516 > * {\n  color: rgb(0,0,0);\n}\n<\/style>\n\t<\/div>\n\t\n\t\t<\/div>\n\t\t\t\t\t<\/div>\n\n\t\n<\/div>\n<div class=\"is-divider divider clearfix\" style=\"max-width:1920px;\"><\/div>\n\t<div id=\"gap-1716340495\" class=\"gap-element clearfix\" style=\"display:block; height:auto;\">\n\t\t\n<style>\n#gap-1716340495 {\n  padding-top: 30px;\n}\n<\/style>\n\t<\/div>\n\t\n<div class=\"row align-middle align-center\"  id=\"row-220878883\">\n\n\t<div id=\"col-1937070463\" class=\"col medium-3 small-12 large-3\"  >\n\t\t\t\t<div class=\"col-inner\"  >\n\t\t\t\n\t\t\t\n\t\t<\/div>\n\t\t\t\t\t<\/div>\n\n\t\n\n\t<div id=\"col-141978160\" class=\"col medium-5 small-12 large-5\"  >\n\t\t\t\t<div class=\"col-inner text-center\"  >\n\t\t\t\n\t\t\t\n\t<div class=\"img has-hover x md-x lg-x y md-y lg-y\" id=\"image_1428662805\">\n\t\t<a class=\"\" href=\"https:\/\/almudenatorro.com\/contacto\/\" >\t\t\t\t\t\t<div class=\"img-inner image-zoom dark\" >\n\t\t\t<img loading=\"lazy\" decoding=\"async\" width=\"150\" height=\"150\" src=\"https:\/\/almudenatorro.com\/wp-content\/uploads\/2019\/10\/cropped-logoat-150x150.jpg\" class=\"attachment-thumbnail size-thumbnail\" alt=\"\" srcset=\"https:\/\/almudenatorro.com\/wp-content\/uploads\/2019\/10\/cropped-logoat-150x150.jpg 150w, https:\/\/almudenatorro.com\/wp-content\/uploads\/2019\/10\/cropped-logoat-300x300.jpg 300w, https:\/\/almudenatorro.com\/wp-content\/uploads\/2019\/10\/cropped-logoat-270x270.jpg 270w, https:\/\/almudenatorro.com\/wp-content\/uploads\/2019\/10\/cropped-logoat-192x192.jpg 192w, https:\/\/almudenatorro.com\/wp-content\/uploads\/2019\/10\/cropped-logoat-180x180.jpg 180w, https:\/\/almudenatorro.com\/wp-content\/uploads\/2019\/10\/cropped-logoat-32x32.jpg 32w, https:\/\/almudenatorro.com\/wp-content\/uploads\/2019\/10\/cropped-logoat.jpg 512w\" sizes=\"auto, (max-width: 150px) 100vw, 150px\" \/>\t\t\t\t\t\t\n\t\t\t\t\t<\/div>\n\t\t\t\t\t\t<\/a>\t\t\n<style>\n#image_1428662805 {\n  width: 21%;\n}\n<\/style>\n\t<\/div>\n\t\n<p class=\"uppercase\"><a href=\"https:\/\/almudenatorro.com\/contacto\/\">contacta<\/a><\/p>\n<p>\n<div class=\"social-icons follow-icons\" style=\"font-size:102%\"><a href=\"https:\/\/www.facebook.com\/almudenatorrovisualartist\" target=\"_blank\" data-label=\"Facebook\" class=\"icon plain facebook tooltip\" title=\"S\u00edguenos en Facebook\" aria-label=\"S\u00edguenos en Facebook\" rel=\"noopener nofollow\" ><i class=\"icon-facebook\" ><\/i><\/a><a href=\"https:\/\/www.instagram.com\/almudena.torro\/\" target=\"_blank\" data-label=\"Instagram\" class=\"icon plain instagram tooltip\" title=\"S\u00edguenos en Instagram\" aria-label=\"S\u00edguenos en Instagram\" rel=\"noopener nofollow\" ><i class=\"icon-instagram\" ><\/i><\/a><a href=\"mailto:almudena.torro@gmail.com\" data-label=\"E-mail\" target=\"_blank\" class=\"icon plain email tooltip\" title=\"Env\u00edanos un email\" aria-label=\"Env\u00edanos un email\" rel=\"nofollow noopener\" ><i class=\"icon-envelop\" ><\/i><\/a><\/div>\n\t\t<\/div>\n\t\t\t\t\t<\/div>\n\n\t\n\n\t<div id=\"col-2080448636\" class=\"col medium-3 small-12 large-3\"  >\n\t\t\t\t<div class=\"col-inner\"  >\n\t\t\t\n\t\t\t\n\t\t<\/div>\n\t\t\t\t\t<\/div>\n\n\t\n<\/div>\n\t\t<\/div>\n\n\t\t\n<style>\n#section_2135208305 {\n  padding-top: 20px;\n  padding-bottom: 20px;\n  background-color: rgb(255, 255, 255);\n}\n#section_2135208305 .section-bg-overlay {\n  background-color: rgba(255, 255, 255, 0.85);\n}\n<\/style>\n\t<\/section>\n\t\n","protected":false},"excerpt":{"rendered":"","protected":false},"author":1,"featured_media":0,"parent":0,"menu_order":0,"comment_status":"closed","ping_status":"closed","template":"page-blank.php","meta":{"_monsterinsights_skip_tracking":false,"_monsterinsights_sitenote_active":false,"_monsterinsights_sitenote_note":"","_monsterinsights_sitenote_category":0,"footnotes":""},"class_list":["post-1235","page","type-page","status-publish","hentry"],"yoast_head":"<!-- This site is optimized with the Yoast SEO plugin v27.0 - https:\/\/yoast.com\/product\/yoast-seo-wordpress\/ -->\n<title>Contacto - Almudena Torr\u00f3<\/title>\n<meta name=\"description\" content=\"Avent\u00farate a la abstracci\u00f3n, qued\u00e1ndote, aunque sea un instante, como un ef\u00edmero reflejo, transformando tu mirada en un acto de amor y magia.\" \/>\n<meta name=\"robots\" content=\"index, follow, max-snippet:-1, max-image-preview:large, max-video-preview:-1\" \/>\n<link rel=\"canonical\" href=\"https:\/\/almudenatorro.com\/es\/contacto\/\" \/>\n<meta property=\"og:locale\" content=\"es_ES\" \/>\n<meta property=\"og:type\" content=\"article\" \/>\n<meta property=\"og:title\" content=\"Contacto - Almudena Torr\u00f3\" \/>\n<meta property=\"og:description\" content=\"Avent\u00farate a la abstracci\u00f3n, qued\u00e1ndote, aunque sea un instante, como un ef\u00edmero reflejo, transformando tu mirada en un acto de amor y magia.\" \/>\n<meta property=\"og:url\" content=\"https:\/\/almudenatorro.com\/es\/contacto\/\" \/>\n<meta property=\"og:site_name\" content=\"Almudena Torr\u00f3\" \/>\n<meta property=\"article:modified_time\" content=\"2025-09-15T18:43:33+00:00\" \/>\n<meta name=\"twitter:card\" content=\"summary_large_image\" \/>\n<meta name=\"twitter:label1\" content=\"Tiempo de lectura\" \/>\n\t<meta name=\"twitter:data1\" content=\"1 minuto\" \/>\n<script type=\"application\/ld+json\" class=\"yoast-schema-graph\">{\"@context\":\"https:\/\/schema.org\",\"@graph\":[{\"@type\":\"WebPage\",\"@id\":\"https:\/\/almudenatorro.com\/es\/contacto\/\",\"url\":\"https:\/\/almudenatorro.com\/es\/contacto\/\",\"name\":\"Contacto - Almudena Torr\u00f3\",\"isPartOf\":{\"@id\":\"https:\/\/almudenatorro.com\/es\/#website\"},\"datePublished\":\"2019-12-23T12:19:15+00:00\",\"dateModified\":\"2025-09-15T18:43:33+00:00\",\"description\":\"Avent\u00farate a la abstracci\u00f3n, qued\u00e1ndote, aunque sea un instante, como un ef\u00edmero reflejo, transformando tu mirada en un acto de amor y magia.\",\"breadcrumb\":{\"@id\":\"https:\/\/almudenatorro.com\/es\/contacto\/#breadcrumb\"},\"inLanguage\":\"es\",\"potentialAction\":[{\"@type\":\"ReadAction\",\"target\":[\"https:\/\/almudenatorro.com\/es\/contacto\/\"]}]},{\"@type\":\"BreadcrumbList\",\"@id\":\"https:\/\/almudenatorro.com\/es\/contacto\/#breadcrumb\",\"itemListElement\":[{\"@type\":\"ListItem\",\"position\":1,\"name\":\"Portada\",\"item\":\"https:\/\/almudenatorro.com\/es\/\"},{\"@type\":\"ListItem\",\"position\":2,\"name\":\"Contacto\"}]},{\"@type\":\"WebSite\",\"@id\":\"https:\/\/almudenatorro.com\/es\/#website\",\"url\":\"https:\/\/almudenatorro.com\/es\/\",\"name\":\"Almudena Torr\u00f3\",\"description\":\"\",\"potentialAction\":[{\"@type\":\"SearchAction\",\"target\":{\"@type\":\"EntryPoint\",\"urlTemplate\":\"https:\/\/almudenatorro.com\/es\/?s={search_term_string}\"},\"query-input\":{\"@type\":\"PropertyValueSpecification\",\"valueRequired\":true,\"valueName\":\"search_term_string\"}}],\"inLanguage\":\"es\"}]}<\/script>\n<!-- \/ Yoast SEO plugin. -->","yoast_head_json":{"title":"Contacto - Almudena Torr\u00f3","description":"Avent\u00farate a la abstracci\u00f3n, qued\u00e1ndote, aunque sea un instante, como un ef\u00edmero reflejo, transformando tu mirada en un acto de amor y magia.","robots":{"index":"index","follow":"follow","max-snippet":"max-snippet:-1","max-image-preview":"max-image-preview:large","max-video-preview":"max-video-preview:-1"},"canonical":"https:\/\/almudenatorro.com\/es\/contacto\/","og_locale":"es_ES","og_type":"article","og_title":"Contacto - Almudena Torr\u00f3","og_description":"Avent\u00farate a la abstracci\u00f3n, qued\u00e1ndote, aunque sea un instante, como un ef\u00edmero reflejo, transformando tu mirada en un acto de amor y magia.","og_url":"https:\/\/almudenatorro.com\/es\/contacto\/","og_site_name":"Almudena Torr\u00f3","article_modified_time":"2025-09-15T18:43:33+00:00","twitter_card":"summary_large_image","twitter_misc":{"Tiempo de lectura":"1 minuto"},"schema":{"@context":"https:\/\/schema.org","@graph":[{"@type":"WebPage","@id":"https:\/\/almudenatorro.com\/es\/contacto\/","url":"https:\/\/almudenatorro.com\/es\/contacto\/","name":"Contacto - Almudena Torr\u00f3","isPartOf":{"@id":"https:\/\/almudenatorro.com\/es\/#website"},"datePublished":"2019-12-23T12:19:15+00:00","dateModified":"2025-09-15T18:43:33+00:00","description":"Avent\u00farate a la abstracci\u00f3n, qued\u00e1ndote, aunque sea un instante, como un ef\u00edmero reflejo, transformando tu mirada en un acto de amor y magia.","breadcrumb":{"@id":"https:\/\/almudenatorro.com\/es\/contacto\/#breadcrumb"},"inLanguage":"es","potentialAction":[{"@type":"ReadAction","target":["https:\/\/almudenatorro.com\/es\/contacto\/"]}]},{"@type":"BreadcrumbList","@id":"https:\/\/almudenatorro.com\/es\/contacto\/#breadcrumb","itemListElement":[{"@type":"ListItem","position":1,"name":"Portada","item":"https:\/\/almudenatorro.com\/es\/"},{"@type":"ListItem","position":2,"name":"Contacto"}]},{"@type":"WebSite","@id":"https:\/\/almudenatorro.com\/es\/#website","url":"https:\/\/almudenatorro.com\/es\/","name":"Almudena Torr\u00f3","description":"","potentialAction":[{"@type":"SearchAction","target":{"@type":"EntryPoint","urlTemplate":"https:\/\/almudenatorro.com\/es\/?s={search_term_string}"},"query-input":{"@type":"PropertyValueSpecification","valueRequired":true,"valueName":"search_term_string"}}],"inLanguage":"es"}]}},"_links":{"self":[{"href":"https:\/\/almudenatorro.com\/es\/wp-json\/wp\/v2\/pages\/1235","targetHints":{"allow":["GET"]}}],"collection":[{"href":"https:\/\/almudenatorro.com\/es\/wp-json\/wp\/v2\/pages"}],"about":[{"href":"https:\/\/almudenatorro.com\/es\/wp-json\/wp\/v2\/types\/page"}],"author":[{"embeddable":true,"href":"https:\/\/almudenatorro.com\/es\/wp-json\/wp\/v2\/users\/1"}],"replies":[{"embeddable":true,"href":"https:\/\/almudenatorro.com\/es\/wp-json\/wp\/v2\/comments?post=1235"}],"version-history":[{"count":0,"href":"https:\/\/almudenatorro.com\/es\/wp-json\/wp\/v2\/pages\/1235\/revisions"}],"wp:attachment":[{"href":"https:\/\/almudenatorro.com\/es\/wp-json\/wp\/v2\/media?parent=1235"}],"curies":[{"name":"wp","href":"https:\/\/api.w.org\/{rel}","templated":true}]}}