{"id":3830,"date":"2023-05-28T18:22:24","date_gmt":"2023-05-28T18:22:24","guid":{"rendered":"https:\/\/almudenatorro.com\/?page_id=3830"},"modified":"2023-06-25T23:44:42","modified_gmt":"2023-06-25T23:44:42","slug":"e-panta-rei-17","status":"publish","type":"page","link":"https:\/\/almudenatorro.com\/es\/e-panta-rei-17\/","title":{"rendered":"\u00c9 &#8211; Panta rei 17"},"content":{"rendered":"\n<div class=\"row\"  id=\"row-559587349\">\n\n\n\t<div id=\"col-654073465\" class=\"col medium-7 small-12 large-7 small-col-first\"  >\n\t\t\t\t<div class=\"col-inner text-left\"  >\n\t\t\t\n\t\t\t\n\n\t\t<div class=\"fotorama responsive-image-silder\"\r\n\t\t\tdata-width=100%\t\t\t\t\t\t\t\t\tdata-height=\"\"\t\t\t\t\t\t\t\t\t\t\t\t\t\t\t\t\t\tdata-nav=thumbs\t\t\t\t\t\tdata-navposition=bottom\t\t\tdata-thumbwidth=100\t\t\tdata-thumbheight=100\t\t\t\t\t\tdata-thumbborderwidth=3\t\t\tdata-allowfullscreen=true\t\t\tdata-fit=cover\t\t\tdata-thumbfit=contain\t\t\tdata-transition=crossfade\t\t\tdata-click=true\t\t\tdata-transitionduration=300\t\t\tfalse\t\t\ttitle\t\t\tdata-hash=false\t\t\tdata-autoplay=true\t\t\tdata-stopautoplayontouch=false\t\t\tdata-loop=true\t\t\tdata-keyboard=true\t\t\tdata-arrows=true\t\t\tdata-click=true\t\t\tdata-swipe=true\t\t\tdata-trackpad=true\t\t\tdata-shuffle=true\t\t\tdata-direction=ltr\t\t\tdata-spinner=true\t\t\t>\r\n\t\t\t<img decoding=\"async\" src=\"https:\/\/almudenatorro.com\/wp-content\/uploads\/2023\/03\/english-Panta-rei-17-2021-hilo-de-tela-metalicavidrio-y-metacrilato-26-x-18-x-18-cm-.jpg\" data-caption=\"\" alt=\"Fanal de cristal con base de metacrilato de 26 cent\u00edmetros de alto y 18 cent\u00edmetros de di\u00e1metro. En el interior, bolas realizadas con hilo de tela met\u00e1lica de aluminio con diferentes vol\u00famenes, cada una tiene una cantidad distinta de hilo por lo que al observarlas, unas son m\u00e1s et\u00e9reas y otras m\u00e1s compactas y ah\u00ed el juego que al incidir la luz se produce una combinaci\u00f3n de luces y sombras en el interior de ellas. Escultura abstracta contempor\u00e1nea de bulto redondo. Arte moderno.\">\t\t<\/div>\r\n\t\t\t<!-- HTML Script Part Start From Here-->\r\n\t<script>\r\n\tjQuery(document).ready(function() {\r\n\t\tjQuery(function () {\r\n\t\t\tjQuery('.responsive-image-silder').fotorama({\r\n\t\t\t\tspinner: {\r\n\t\t\t\t\tlines: 13,\r\n\t\t\t\t\tcolor: 'rgba(0, 0, 0, .75)',\r\n\t\t\t\t\tclassName: 'fotorama',\r\n\t\t\t\t},\r\n\t\t\t\t\t\t\t\tautoplay : 5000,\r\n\t\t\t\t\t\t\t});\r\n\t\t});\r\n\t\t\r\n\t\tjQuery('.fotorama__stage').addClass('hvr-grow');\r\n\t});\r\n\t<\/script>\r\n\t\n<a href=\"https:\/\/almudenatorro.com\/es\/e-panta-rei\/\" class=\"button primary is-link\"  >\n\t\t<span>Volver a la serie<\/span>\n\t<i class=\"icon-angle-right\" aria-hidden=\"true\" ><\/i><\/a>\n\n\n\n\t\t<\/div>\n\t\t\t\t\t<\/div>\n\n\t\n\n\t<div id=\"col-194785425\" class=\"col medium-5 small-12 large-5\"  >\n\t\t\t\t<div class=\"col-inner\"  >\n\t\t\t\n\t\t\t\n\n\t<div id=\"text-3869831350\" class=\"text\">\n\t\t\n\n<p><span style=\"font-size: 110%;\">\u00c9-Panta rei 17<\/span><br \/>2021, hilo de tela met\u00e1lica, vidrio y metacrilato, 26 x 18 x 18 cm<\/p>\n<p>La serie \u00c9 \u2013 Panta rei es el resultado de la andadura de los \u00abCaminos\u00bb con sus \u00abMara\u00f1as\u00bb de estos \u00faltimos a\u00f1os, en la que ha elegido experimentar una transformaci\u00f3n interna hecha desde el amor y la libertad de valorar la dignidad de cada individuo, sintiendo que \u201ctodo fluye, nada se detiene\u201d en esta experiencia vital de cambio continuo.<\/p>\n\t\t\n<style>\n#text-3869831350 {\n  line-height: 1.3;\n}\n<\/style>\n\t<\/div>\n\t\n\n\t\t<\/div>\n\t\t\t\t\t<\/div>\n\n\t\n\n<\/div>\n\n","protected":false},"excerpt":{"rendered":"","protected":false},"author":1,"featured_media":0,"parent":0,"menu_order":0,"comment_status":"closed","ping_status":"closed","template":"page-blank.php","meta":{"_monsterinsights_skip_tracking":false,"_monsterinsights_sitenote_active":false,"_monsterinsights_sitenote_note":"","_monsterinsights_sitenote_category":0,"footnotes":""},"class_list":["post-3830","page","type-page","status-publish","hentry"],"yoast_head":"<!-- This site is optimized with the Yoast SEO plugin v27.0 - https:\/\/yoast.com\/product\/yoast-seo-wordpress\/ -->\n<title>\u00c9 - Panta rei 17 - Almudena Torr\u00f3<\/title>\n<meta name=\"description\" content=\"Almudena Torr\u00f3 - Escultora - Mi obra es algo m\u00e1s que un acto de liberaci\u00f3n del alma, siento y escucho la emoci\u00f3n profunda, casi como un susurro propio de lo intangible. Creo formas y vol\u00famenes y ah\u00ed va surgiendo el enigma de la luz junto con su sombra pasando a ser un elemento compositivo cambiante.\" \/>\n<meta name=\"robots\" content=\"index, follow, max-snippet:-1, max-image-preview:large, max-video-preview:-1\" \/>\n<link rel=\"canonical\" href=\"https:\/\/almudenatorro.com\/es\/e-panta-rei-17\/\" \/>\n<meta property=\"og:locale\" content=\"es_ES\" \/>\n<meta property=\"og:type\" content=\"article\" \/>\n<meta property=\"og:title\" content=\"\u00c9 - Panta rei 17 - Almudena Torr\u00f3\" \/>\n<meta property=\"og:description\" content=\"Almudena Torr\u00f3 - Escultora - Mi obra es algo m\u00e1s que un acto de liberaci\u00f3n del alma, siento y escucho la emoci\u00f3n profunda, casi como un susurro propio de lo intangible. Creo formas y vol\u00famenes y ah\u00ed va surgiendo el enigma de la luz junto con su sombra pasando a ser un elemento compositivo cambiante.\" \/>\n<meta property=\"og:url\" content=\"https:\/\/almudenatorro.com\/es\/e-panta-rei-17\/\" \/>\n<meta property=\"og:site_name\" content=\"Almudena Torr\u00f3\" \/>\n<meta property=\"article:modified_time\" content=\"2023-06-25T23:44:42+00:00\" \/>\n<meta name=\"twitter:card\" content=\"summary_large_image\" \/>\n<meta name=\"twitter:label1\" content=\"Tiempo de lectura\" \/>\n\t<meta name=\"twitter:data1\" content=\"1 minuto\" \/>\n<script type=\"application\/ld+json\" class=\"yoast-schema-graph\">{\"@context\":\"https:\/\/schema.org\",\"@graph\":[{\"@type\":\"WebPage\",\"@id\":\"https:\/\/almudenatorro.com\/es\/e-panta-rei-17\/\",\"url\":\"https:\/\/almudenatorro.com\/es\/e-panta-rei-17\/\",\"name\":\"\u00c9 - Panta rei 17 - Almudena Torr\u00f3\",\"isPartOf\":{\"@id\":\"https:\/\/almudenatorro.com\/es\/#website\"},\"datePublished\":\"2023-05-28T18:22:24+00:00\",\"dateModified\":\"2023-06-25T23:44:42+00:00\",\"description\":\"Almudena Torr\u00f3 - Escultora - Mi obra es algo m\u00e1s que un acto de liberaci\u00f3n del alma, siento y escucho la emoci\u00f3n profunda, casi como un susurro propio de lo intangible. Creo formas y vol\u00famenes y ah\u00ed va surgiendo el enigma de la luz junto con su sombra pasando a ser un elemento compositivo cambiante.\",\"breadcrumb\":{\"@id\":\"https:\/\/almudenatorro.com\/es\/e-panta-rei-17\/#breadcrumb\"},\"inLanguage\":\"es\",\"potentialAction\":[{\"@type\":\"ReadAction\",\"target\":[\"https:\/\/almudenatorro.com\/es\/e-panta-rei-17\/\"]}]},{\"@type\":\"BreadcrumbList\",\"@id\":\"https:\/\/almudenatorro.com\/es\/e-panta-rei-17\/#breadcrumb\",\"itemListElement\":[{\"@type\":\"ListItem\",\"position\":1,\"name\":\"Portada\",\"item\":\"https:\/\/almudenatorro.com\/es\/\"},{\"@type\":\"ListItem\",\"position\":2,\"name\":\"\u00c9 &#8211; Panta rei 17\"}]},{\"@type\":\"WebSite\",\"@id\":\"https:\/\/almudenatorro.com\/es\/#website\",\"url\":\"https:\/\/almudenatorro.com\/es\/\",\"name\":\"Almudena Torr\u00f3\",\"description\":\"\",\"potentialAction\":[{\"@type\":\"SearchAction\",\"target\":{\"@type\":\"EntryPoint\",\"urlTemplate\":\"https:\/\/almudenatorro.com\/es\/?s={search_term_string}\"},\"query-input\":{\"@type\":\"PropertyValueSpecification\",\"valueRequired\":true,\"valueName\":\"search_term_string\"}}],\"inLanguage\":\"es\"}]}<\/script>\n<!-- \/ Yoast SEO plugin. -->","yoast_head_json":{"title":"\u00c9 - Panta rei 17 - Almudena Torr\u00f3","description":"Almudena Torr\u00f3 - Escultora - Mi obra es algo m\u00e1s que un acto de liberaci\u00f3n del alma, siento y escucho la emoci\u00f3n profunda, casi como un susurro propio de lo intangible. Creo formas y vol\u00famenes y ah\u00ed va surgiendo el enigma de la luz junto con su sombra pasando a ser un elemento compositivo cambiante.","robots":{"index":"index","follow":"follow","max-snippet":"max-snippet:-1","max-image-preview":"max-image-preview:large","max-video-preview":"max-video-preview:-1"},"canonical":"https:\/\/almudenatorro.com\/es\/e-panta-rei-17\/","og_locale":"es_ES","og_type":"article","og_title":"\u00c9 - Panta rei 17 - Almudena Torr\u00f3","og_description":"Almudena Torr\u00f3 - Escultora - Mi obra es algo m\u00e1s que un acto de liberaci\u00f3n del alma, siento y escucho la emoci\u00f3n profunda, casi como un susurro propio de lo intangible. Creo formas y vol\u00famenes y ah\u00ed va surgiendo el enigma de la luz junto con su sombra pasando a ser un elemento compositivo cambiante.","og_url":"https:\/\/almudenatorro.com\/es\/e-panta-rei-17\/","og_site_name":"Almudena Torr\u00f3","article_modified_time":"2023-06-25T23:44:42+00:00","twitter_card":"summary_large_image","twitter_misc":{"Tiempo de lectura":"1 minuto"},"schema":{"@context":"https:\/\/schema.org","@graph":[{"@type":"WebPage","@id":"https:\/\/almudenatorro.com\/es\/e-panta-rei-17\/","url":"https:\/\/almudenatorro.com\/es\/e-panta-rei-17\/","name":"\u00c9 - Panta rei 17 - Almudena Torr\u00f3","isPartOf":{"@id":"https:\/\/almudenatorro.com\/es\/#website"},"datePublished":"2023-05-28T18:22:24+00:00","dateModified":"2023-06-25T23:44:42+00:00","description":"Almudena Torr\u00f3 - Escultora - Mi obra es algo m\u00e1s que un acto de liberaci\u00f3n del alma, siento y escucho la emoci\u00f3n profunda, casi como un susurro propio de lo intangible. Creo formas y vol\u00famenes y ah\u00ed va surgiendo el enigma de la luz junto con su sombra pasando a ser un elemento compositivo cambiante.","breadcrumb":{"@id":"https:\/\/almudenatorro.com\/es\/e-panta-rei-17\/#breadcrumb"},"inLanguage":"es","potentialAction":[{"@type":"ReadAction","target":["https:\/\/almudenatorro.com\/es\/e-panta-rei-17\/"]}]},{"@type":"BreadcrumbList","@id":"https:\/\/almudenatorro.com\/es\/e-panta-rei-17\/#breadcrumb","itemListElement":[{"@type":"ListItem","position":1,"name":"Portada","item":"https:\/\/almudenatorro.com\/es\/"},{"@type":"ListItem","position":2,"name":"\u00c9 &#8211; Panta rei 17"}]},{"@type":"WebSite","@id":"https:\/\/almudenatorro.com\/es\/#website","url":"https:\/\/almudenatorro.com\/es\/","name":"Almudena Torr\u00f3","description":"","potentialAction":[{"@type":"SearchAction","target":{"@type":"EntryPoint","urlTemplate":"https:\/\/almudenatorro.com\/es\/?s={search_term_string}"},"query-input":{"@type":"PropertyValueSpecification","valueRequired":true,"valueName":"search_term_string"}}],"inLanguage":"es"}]}},"_links":{"self":[{"href":"https:\/\/almudenatorro.com\/es\/wp-json\/wp\/v2\/pages\/3830","targetHints":{"allow":["GET"]}}],"collection":[{"href":"https:\/\/almudenatorro.com\/es\/wp-json\/wp\/v2\/pages"}],"about":[{"href":"https:\/\/almudenatorro.com\/es\/wp-json\/wp\/v2\/types\/page"}],"author":[{"embeddable":true,"href":"https:\/\/almudenatorro.com\/es\/wp-json\/wp\/v2\/users\/1"}],"replies":[{"embeddable":true,"href":"https:\/\/almudenatorro.com\/es\/wp-json\/wp\/v2\/comments?post=3830"}],"version-history":[{"count":0,"href":"https:\/\/almudenatorro.com\/es\/wp-json\/wp\/v2\/pages\/3830\/revisions"}],"wp:attachment":[{"href":"https:\/\/almudenatorro.com\/es\/wp-json\/wp\/v2\/media?parent=3830"}],"curies":[{"name":"wp","href":"https:\/\/api.w.org\/{rel}","templated":true}]}}