{"id":7438,"date":"2025-08-10T10:30:32","date_gmt":"2025-08-10T10:30:32","guid":{"rendered":"https:\/\/almudenatorro.com\/ethereal-13\/"},"modified":"2025-09-05T10:58:35","modified_gmt":"2025-09-05T10:58:35","slug":"eterea-13","status":"publish","type":"page","link":"https:\/\/almudenatorro.com\/es\/eterea-13\/","title":{"rendered":"Et\u00e9rea 13"},"content":{"rendered":"<div class=\"row\"  id=\"row-715022544\">\n\n\t<div id=\"col-999334928\" class=\"col medium-7 small-12 large-7 small-col-first\"  >\n\t\t\t\t<div class=\"col-inner text-left\"  >\n\t\t\t\n\t\t\t\n\t\t<div class=\"fotorama responsive-image-silder\"\r\n\t\t\tdata-width=100%\t\t\t\t\t\t\t\t\tdata-height=\"\"\t\t\t\t\t\t\t\t\t\t\t\t\t\t\t\t\t\tdata-nav=thumbs\t\t\t\t\t\tdata-navposition=bottom\t\t\t\t\t\t\t\t\t\t\t\tdata-thumbborderwidth=3\t\t\tdata-allowfullscreen=true\t\t\tdata-fit=cover\t\t\tdata-thumbfit=cover\t\t\tdata-transition=crossfade\t\t\tdata-click=true\t\t\tdata-transitionduration=300\t\t\tfalse\t\t\ttitle\t\t\tdata-hash=false\t\t\tdata-autoplay=true\t\t\tdata-stopautoplayontouch=false\t\t\tdata-loop=true\t\t\tdata-keyboard=true\t\t\tdata-arrows=true\t\t\tdata-click=true\t\t\tdata-swipe=true\t\t\tdata-trackpad=true\t\t\tdata-shuffle=false\t\t\tdata-direction=ltr\t\t\tdata-spinner=true\t\t\t>\r\n\t\t\t<img decoding=\"async\" src=\"https:\/\/almudenatorro.com\/wp-content\/uploads\/2025\/08\/Ethereal-13-1-scaled.jpg\" data-caption=\"\" alt=\"Ethereal-13-1\"><img decoding=\"async\" src=\"https:\/\/almudenatorro.com\/wp-content\/uploads\/2025\/08\/Ethereal-13-2-scaled.jpg\" data-caption=\"\" alt=\"Ethereal-13-2\"><img decoding=\"async\" src=\"https:\/\/almudenatorro.com\/wp-content\/uploads\/2025\/08\/Ethereal-13-3-scaled.jpg\" data-caption=\"\" alt=\"Ethereal-13-3\"><img decoding=\"async\" src=\"https:\/\/almudenatorro.com\/wp-content\/uploads\/2025\/08\/Ethereal-13-4-scaled.jpg\" data-caption=\"\" alt=\"Ethereal-13-4\"><img decoding=\"async\" src=\"https:\/\/almudenatorro.com\/wp-content\/uploads\/2025\/08\/Ethereal-13-5-scaled.jpg\" data-caption=\"\" alt=\"Ethereal-13-5\">\t\t<\/div>\r\n\t\t\t<!-- HTML Script Part Start From Here-->\r\n\t<script>\r\n\tjQuery(document).ready(function() {\r\n\t\tjQuery(function () {\r\n\t\t\tjQuery('.responsive-image-silder').fotorama({\r\n\t\t\t\tspinner: {\r\n\t\t\t\t\tlines: 13,\r\n\t\t\t\t\tcolor: 'rgba(0, 0, 0, .75)',\r\n\t\t\t\t\tclassName: 'fotorama',\r\n\t\t\t\t},\r\n\t\t\t\t\t\t\t\tautoplay : 5000,\r\n\t\t\t\t\t\t\t});\r\n\t\t});\r\n\t\t\r\n\t\tjQuery('.fotorama__stage').addClass('hvr-grow');\r\n\t});\r\n\t<\/script>\r\n\t\n<a href=\"https:\/\/almudenatorro.com\/es\/reencuentro\/\" class=\"button primary is-link\"  style=\"padding:-10px 0px 0px 0px;\">\n\t\t<span>Volver a la serie<\/span>\n\t<i class=\"icon-angle-right\" aria-hidden=\"true\" ><\/i><\/a>\n\n\t\t<\/div>\n\t\t\t\t\t<\/div>\n\n\t\n\n\t<div id=\"col-832841485\" class=\"col medium-5 small-12 large-5\"  >\n\t\t\t\t<div class=\"col-inner\"  >\n\t\t\t\n\t\t\t\n\t<div id=\"text-821112098\" class=\"text\">\n\t\t\n<p><span style=\"font-size: 115%;\">Et\u00e9rea 13<\/span><\/p>\n<p>2025, tela met\u00e1lica y metacrilato, 16 x 15 x 21 cm<\/p>\n<p>Este camino evolutivo desemboca en la <i>serie Reencuentro<\/i> donde abordo la esencia intr\u00ednseca de m\u00ed misma.<span class=\"Apple-converted-space\">\u00a0<\/span><\/p>\n<p>En las esculturas <i>Et\u00e9reas,<\/i> la curva y el material los presento desprovistos de artificio, desnudos, revelando lo m\u00e1s \u00edntimo del proceso creativo. La tridimensionalidad de las piezas ofrece al espectador la posibilidad de recorrerlas desde m\u00faltiples \u00e1ngulos, descubriendo c\u00f3mo esa manipulaci\u00f3n directa de la materia no solo moldea el espacio, sino que tambi\u00e9n expone una b\u00fasqueda profunda de renovaci\u00f3n. Cada forma<span class=\"Apple-converted-space\">\u00a0 <\/span>act\u00faa como un eco del despojo interior: un gesto de autenticidad que invita a quien observa a confrontarse con su propia identidad.<span class=\"Apple-converted-space\">\u00a0<\/span><\/p>\n\t\t\n<style>\n#text-821112098 {\n  line-height: 1.3;\n}\n<\/style>\n\t<\/div>\n\t\n\t\t<\/div>\n\t\t\t\t\n<style>\n#col-832841485 > .col-inner {\n  padding: -10px 0px 0px 0px;\n}\n<\/style>\n\t<\/div>\n\n\t\n<\/div>\n","protected":false},"excerpt":{"rendered":"","protected":false},"author":2,"featured_media":0,"parent":0,"menu_order":0,"comment_status":"closed","ping_status":"closed","template":"page-blank.php","meta":{"_monsterinsights_skip_tracking":false,"_monsterinsights_sitenote_active":false,"_monsterinsights_sitenote_note":"","_monsterinsights_sitenote_category":0,"footnotes":""},"class_list":["post-7438","page","type-page","status-publish","hentry"],"yoast_head":"<!-- This site is optimized with the Yoast SEO plugin v27.0 - https:\/\/yoast.com\/product\/yoast-seo-wordpress\/ -->\n<title>Et\u00e9rea 13 - Almudena Torr\u00f3<\/title>\n<meta name=\"description\" content=\"My work is more than an act of liberating the soul, creating abstract shapes and volumes where the enigma of light and its shadow becomes a changing compositional element.\" \/>\n<meta name=\"robots\" content=\"index, follow, max-snippet:-1, max-image-preview:large, max-video-preview:-1\" \/>\n<link rel=\"canonical\" href=\"https:\/\/almudenatorro.com\/es\/eterea-13\/\" \/>\n<meta property=\"og:locale\" content=\"es_ES\" \/>\n<meta property=\"og:type\" content=\"article\" \/>\n<meta property=\"og:title\" content=\"Et\u00e9rea 13 - Almudena Torr\u00f3\" \/>\n<meta property=\"og:description\" content=\"My work is more than an act of liberating the soul, creating abstract shapes and volumes where the enigma of light and its shadow becomes a changing compositional element.\" \/>\n<meta property=\"og:url\" content=\"https:\/\/almudenatorro.com\/es\/eterea-13\/\" \/>\n<meta property=\"og:site_name\" content=\"Almudena Torr\u00f3\" \/>\n<meta property=\"article:modified_time\" content=\"2025-09-05T10:58:35+00:00\" \/>\n<meta name=\"twitter:card\" content=\"summary_large_image\" \/>\n<meta name=\"twitter:label1\" content=\"Tiempo de lectura\" \/>\n\t<meta name=\"twitter:data1\" content=\"1 minuto\" \/>\n<script type=\"application\/ld+json\" class=\"yoast-schema-graph\">{\"@context\":\"https:\/\/schema.org\",\"@graph\":[{\"@type\":\"WebPage\",\"@id\":\"https:\/\/almudenatorro.com\/es\/eterea-13\/\",\"url\":\"https:\/\/almudenatorro.com\/es\/eterea-13\/\",\"name\":\"Et\u00e9rea 13 - Almudena Torr\u00f3\",\"isPartOf\":{\"@id\":\"https:\/\/almudenatorro.com\/es\/#website\"},\"datePublished\":\"2025-08-10T10:30:32+00:00\",\"dateModified\":\"2025-09-05T10:58:35+00:00\",\"description\":\"My work is more than an act of liberating the soul, creating abstract shapes and volumes where the enigma of light and its shadow becomes a changing compositional element.\",\"breadcrumb\":{\"@id\":\"https:\/\/almudenatorro.com\/es\/eterea-13\/#breadcrumb\"},\"inLanguage\":\"es\",\"potentialAction\":[{\"@type\":\"ReadAction\",\"target\":[\"https:\/\/almudenatorro.com\/es\/eterea-13\/\"]}]},{\"@type\":\"BreadcrumbList\",\"@id\":\"https:\/\/almudenatorro.com\/es\/eterea-13\/#breadcrumb\",\"itemListElement\":[{\"@type\":\"ListItem\",\"position\":1,\"name\":\"Portada\",\"item\":\"https:\/\/almudenatorro.com\/es\/\"},{\"@type\":\"ListItem\",\"position\":2,\"name\":\"Et\u00e9rea 13\"}]},{\"@type\":\"WebSite\",\"@id\":\"https:\/\/almudenatorro.com\/es\/#website\",\"url\":\"https:\/\/almudenatorro.com\/es\/\",\"name\":\"Almudena Torr\u00f3\",\"description\":\"\",\"potentialAction\":[{\"@type\":\"SearchAction\",\"target\":{\"@type\":\"EntryPoint\",\"urlTemplate\":\"https:\/\/almudenatorro.com\/es\/?s={search_term_string}\"},\"query-input\":{\"@type\":\"PropertyValueSpecification\",\"valueRequired\":true,\"valueName\":\"search_term_string\"}}],\"inLanguage\":\"es\"}]}<\/script>\n<!-- \/ Yoast SEO plugin. -->","yoast_head_json":{"title":"Et\u00e9rea 13 - Almudena Torr\u00f3","description":"My work is more than an act of liberating the soul, creating abstract shapes and volumes where the enigma of light and its shadow becomes a changing compositional element.","robots":{"index":"index","follow":"follow","max-snippet":"max-snippet:-1","max-image-preview":"max-image-preview:large","max-video-preview":"max-video-preview:-1"},"canonical":"https:\/\/almudenatorro.com\/es\/eterea-13\/","og_locale":"es_ES","og_type":"article","og_title":"Et\u00e9rea 13 - Almudena Torr\u00f3","og_description":"My work is more than an act of liberating the soul, creating abstract shapes and volumes where the enigma of light and its shadow becomes a changing compositional element.","og_url":"https:\/\/almudenatorro.com\/es\/eterea-13\/","og_site_name":"Almudena Torr\u00f3","article_modified_time":"2025-09-05T10:58:35+00:00","twitter_card":"summary_large_image","twitter_misc":{"Tiempo de lectura":"1 minuto"},"schema":{"@context":"https:\/\/schema.org","@graph":[{"@type":"WebPage","@id":"https:\/\/almudenatorro.com\/es\/eterea-13\/","url":"https:\/\/almudenatorro.com\/es\/eterea-13\/","name":"Et\u00e9rea 13 - Almudena Torr\u00f3","isPartOf":{"@id":"https:\/\/almudenatorro.com\/es\/#website"},"datePublished":"2025-08-10T10:30:32+00:00","dateModified":"2025-09-05T10:58:35+00:00","description":"My work is more than an act of liberating the soul, creating abstract shapes and volumes where the enigma of light and its shadow becomes a changing compositional element.","breadcrumb":{"@id":"https:\/\/almudenatorro.com\/es\/eterea-13\/#breadcrumb"},"inLanguage":"es","potentialAction":[{"@type":"ReadAction","target":["https:\/\/almudenatorro.com\/es\/eterea-13\/"]}]},{"@type":"BreadcrumbList","@id":"https:\/\/almudenatorro.com\/es\/eterea-13\/#breadcrumb","itemListElement":[{"@type":"ListItem","position":1,"name":"Portada","item":"https:\/\/almudenatorro.com\/es\/"},{"@type":"ListItem","position":2,"name":"Et\u00e9rea 13"}]},{"@type":"WebSite","@id":"https:\/\/almudenatorro.com\/es\/#website","url":"https:\/\/almudenatorro.com\/es\/","name":"Almudena Torr\u00f3","description":"","potentialAction":[{"@type":"SearchAction","target":{"@type":"EntryPoint","urlTemplate":"https:\/\/almudenatorro.com\/es\/?s={search_term_string}"},"query-input":{"@type":"PropertyValueSpecification","valueRequired":true,"valueName":"search_term_string"}}],"inLanguage":"es"}]}},"_links":{"self":[{"href":"https:\/\/almudenatorro.com\/es\/wp-json\/wp\/v2\/pages\/7438","targetHints":{"allow":["GET"]}}],"collection":[{"href":"https:\/\/almudenatorro.com\/es\/wp-json\/wp\/v2\/pages"}],"about":[{"href":"https:\/\/almudenatorro.com\/es\/wp-json\/wp\/v2\/types\/page"}],"author":[{"embeddable":true,"href":"https:\/\/almudenatorro.com\/es\/wp-json\/wp\/v2\/users\/2"}],"replies":[{"embeddable":true,"href":"https:\/\/almudenatorro.com\/es\/wp-json\/wp\/v2\/comments?post=7438"}],"version-history":[{"count":0,"href":"https:\/\/almudenatorro.com\/es\/wp-json\/wp\/v2\/pages\/7438\/revisions"}],"wp:attachment":[{"href":"https:\/\/almudenatorro.com\/es\/wp-json\/wp\/v2\/media?parent=7438"}],"curies":[{"name":"wp","href":"https:\/\/api.w.org\/{rel}","templated":true}]}}