{"id":8031,"date":"2025-08-22T10:43:16","date_gmt":"2025-08-22T10:43:16","guid":{"rendered":"https:\/\/almudenatorro.com\/gray-cracker-3\/"},"modified":"2025-09-09T15:14:17","modified_gmt":"2025-09-09T15:14:17","slug":"tronadora-gris-3","status":"publish","type":"page","link":"https:\/\/almudenatorro.com\/es\/tronadora-gris-3\/","title":{"rendered":"Tronadora gris 3"},"content":{"rendered":"<div class=\"row\"  id=\"row-1266197160\">\n\n\t<div id=\"col-88923703\" class=\"col medium-7 small-12 large-7 small-col-first\"  >\n\t\t\t\t<div class=\"col-inner text-left\"  >\n\t\t\t\n\t\t\t\n\t\t<div class=\"fotorama responsive-image-silder\"\r\n\t\t\tdata-width=100%\t\t\t\t\t\t\t\t\tdata-height=\"\"\t\t\t\t\t\t\t\t\t\t\t\t\t\t\t\t\t\tdata-nav=thumbs\t\t\t\t\t\tdata-navposition=bottom\t\t\t\t\t\t\t\t\t\t\t\tdata-thumbborderwidth=3\t\t\tdata-allowfullscreen=true\t\t\tdata-fit=cover\t\t\tdata-thumbfit=cover\t\t\tdata-transition=crossfade\t\t\tdata-click=true\t\t\tdata-transitionduration=300\t\t\tfalse\t\t\ttitle\t\t\tdata-hash=false\t\t\tdata-autoplay=true\t\t\tdata-stopautoplayontouch=false\t\t\tdata-loop=true\t\t\tdata-keyboard=true\t\t\tdata-arrows=true\t\t\tdata-click=true\t\t\tdata-swipe=true\t\t\tdata-trackpad=true\t\t\tdata-shuffle=false\t\t\tdata-direction=ltr\t\t\tdata-spinner=true\t\t\t>\r\n\t\t\t<img decoding=\"async\" src=\"https:\/\/almudenatorro.com\/wp-content\/uploads\/2025\/08\/Gray-Cracker-3-1.jpg\" data-caption=\"\" alt=\"Gray-Cracker-3-1\">\t\t<\/div>\r\n\t\t\t<!-- HTML Script Part Start From Here-->\r\n\t<script>\r\n\tjQuery(document).ready(function() {\r\n\t\tjQuery(function () {\r\n\t\t\tjQuery('.responsive-image-silder').fotorama({\r\n\t\t\t\tspinner: {\r\n\t\t\t\t\tlines: 13,\r\n\t\t\t\t\tcolor: 'rgba(0, 0, 0, .75)',\r\n\t\t\t\t\tclassName: 'fotorama',\r\n\t\t\t\t},\r\n\t\t\t\t\t\t\t\tautoplay : 5000,\r\n\t\t\t\t\t\t\t});\r\n\t\t});\r\n\t\t\r\n\t\tjQuery('.fotorama__stage').addClass('hvr-grow');\r\n\t});\r\n\t<\/script>\r\n\t\n<a href=\"https:\/\/almudenatorro.com\/es\/en-transito\/\" class=\"button primary is-link\"  style=\"padding:-10px 0px 0px 0px;\">\n\t\t<span>Volver a la serie<\/span>\n\t<i class=\"icon-angle-right\" aria-hidden=\"true\" ><\/i><\/a>\n\n\t\t<\/div>\n\t\t\t\t\t<\/div>\n\n\t\n\n\t<div id=\"col-1468401110\" class=\"col medium-5 small-12 large-5\"  >\n\t\t\t\t<div class=\"col-inner\"  >\n\t\t\t\n\t\t\t\n\t<div id=\"text-1297222328\" class=\"text\">\n\t\t\n<p><span style=\"font-size: medium;\">Tronadora gris 3<\/span><\/p>\n<p>2024, tela met\u00e1lica, 45 x 46 x 15 cm<\/p>\n<p>La serie <em>En tr\u00e1nsito<\/em> es la evoluci\u00f3n natural de la serie <em>E &#8211; Panta rei<\/em>, en la que incorporo los \u00faltimos elementos de esta e introduzco nuevas dimensiones marcando un cierre de un ciclo creativo y el inicio de otro, en el que la introspecci\u00f3n y la exploraci\u00f3n han guiado mi trabajo y en donde cuestiono y redefino mi lenguaje escult\u00f3rico, jugando con el espacio, las sombras, el vac\u00edo y lo esencial. Como una cris\u00e1lida que se prepara para volar. Esta etapa es un interludio cargado de energ\u00eda en el que experimento un proceso de renovaci\u00f3n.<\/p>\n\t\t\n<style>\n#text-1297222328 {\n  line-height: 1.3;\n}\n<\/style>\n\t<\/div>\n\t\n\t\t<\/div>\n\t\t\t\t\n<style>\n#col-1468401110 > .col-inner {\n  padding: -10px 0px 0px 0px;\n}\n<\/style>\n\t<\/div>\n\n\t\n<\/div>\n","protected":false},"excerpt":{"rendered":"","protected":false},"author":2,"featured_media":0,"parent":0,"menu_order":0,"comment_status":"closed","ping_status":"closed","template":"page-blank.php","meta":{"_monsterinsights_skip_tracking":false,"_monsterinsights_sitenote_active":false,"_monsterinsights_sitenote_note":"","_monsterinsights_sitenote_category":0,"footnotes":""},"class_list":["post-8031","page","type-page","status-publish","hentry"],"yoast_head":"<!-- This site is optimized with the Yoast SEO plugin v27.0 - https:\/\/yoast.com\/product\/yoast-seo-wordpress\/ -->\n<title>Tronadora gris 3 - Almudena Torr\u00f3<\/title>\n<meta name=\"description\" content=\"My work is more than an act of liberating the soul, creating abstract shapes and volumes where the enigma of light and its shadow becomes a changing compositional element.\" \/>\n<meta name=\"robots\" content=\"index, follow, max-snippet:-1, max-image-preview:large, max-video-preview:-1\" \/>\n<link rel=\"canonical\" href=\"https:\/\/almudenatorro.com\/es\/tronadora-gris-3\/\" \/>\n<meta property=\"og:locale\" content=\"es_ES\" \/>\n<meta property=\"og:type\" content=\"article\" \/>\n<meta property=\"og:title\" content=\"Tronadora gris 3 - Almudena Torr\u00f3\" \/>\n<meta property=\"og:description\" content=\"My work is more than an act of liberating the soul, creating abstract shapes and volumes where the enigma of light and its shadow becomes a changing compositional element.\" \/>\n<meta property=\"og:url\" content=\"https:\/\/almudenatorro.com\/es\/tronadora-gris-3\/\" \/>\n<meta property=\"og:site_name\" content=\"Almudena Torr\u00f3\" \/>\n<meta property=\"article:modified_time\" content=\"2025-09-09T15:14:17+00:00\" \/>\n<meta name=\"twitter:card\" content=\"summary_large_image\" \/>\n<meta name=\"twitter:label1\" content=\"Tiempo de lectura\" \/>\n\t<meta name=\"twitter:data1\" content=\"1 minuto\" \/>\n<script type=\"application\/ld+json\" class=\"yoast-schema-graph\">{\"@context\":\"https:\/\/schema.org\",\"@graph\":[{\"@type\":\"WebPage\",\"@id\":\"https:\/\/almudenatorro.com\/es\/tronadora-gris-3\/\",\"url\":\"https:\/\/almudenatorro.com\/es\/tronadora-gris-3\/\",\"name\":\"Tronadora gris 3 - Almudena Torr\u00f3\",\"isPartOf\":{\"@id\":\"https:\/\/almudenatorro.com\/es\/#website\"},\"datePublished\":\"2025-08-22T10:43:16+00:00\",\"dateModified\":\"2025-09-09T15:14:17+00:00\",\"description\":\"My work is more than an act of liberating the soul, creating abstract shapes and volumes where the enigma of light and its shadow becomes a changing compositional element.\",\"breadcrumb\":{\"@id\":\"https:\/\/almudenatorro.com\/es\/tronadora-gris-3\/#breadcrumb\"},\"inLanguage\":\"es\",\"potentialAction\":[{\"@type\":\"ReadAction\",\"target\":[\"https:\/\/almudenatorro.com\/es\/tronadora-gris-3\/\"]}]},{\"@type\":\"BreadcrumbList\",\"@id\":\"https:\/\/almudenatorro.com\/es\/tronadora-gris-3\/#breadcrumb\",\"itemListElement\":[{\"@type\":\"ListItem\",\"position\":1,\"name\":\"Portada\",\"item\":\"https:\/\/almudenatorro.com\/es\/\"},{\"@type\":\"ListItem\",\"position\":2,\"name\":\"Tronadora gris 3\"}]},{\"@type\":\"WebSite\",\"@id\":\"https:\/\/almudenatorro.com\/es\/#website\",\"url\":\"https:\/\/almudenatorro.com\/es\/\",\"name\":\"Almudena Torr\u00f3\",\"description\":\"\",\"potentialAction\":[{\"@type\":\"SearchAction\",\"target\":{\"@type\":\"EntryPoint\",\"urlTemplate\":\"https:\/\/almudenatorro.com\/es\/?s={search_term_string}\"},\"query-input\":{\"@type\":\"PropertyValueSpecification\",\"valueRequired\":true,\"valueName\":\"search_term_string\"}}],\"inLanguage\":\"es\"}]}<\/script>\n<!-- \/ Yoast SEO plugin. -->","yoast_head_json":{"title":"Tronadora gris 3 - Almudena Torr\u00f3","description":"My work is more than an act of liberating the soul, creating abstract shapes and volumes where the enigma of light and its shadow becomes a changing compositional element.","robots":{"index":"index","follow":"follow","max-snippet":"max-snippet:-1","max-image-preview":"max-image-preview:large","max-video-preview":"max-video-preview:-1"},"canonical":"https:\/\/almudenatorro.com\/es\/tronadora-gris-3\/","og_locale":"es_ES","og_type":"article","og_title":"Tronadora gris 3 - Almudena Torr\u00f3","og_description":"My work is more than an act of liberating the soul, creating abstract shapes and volumes where the enigma of light and its shadow becomes a changing compositional element.","og_url":"https:\/\/almudenatorro.com\/es\/tronadora-gris-3\/","og_site_name":"Almudena Torr\u00f3","article_modified_time":"2025-09-09T15:14:17+00:00","twitter_card":"summary_large_image","twitter_misc":{"Tiempo de lectura":"1 minuto"},"schema":{"@context":"https:\/\/schema.org","@graph":[{"@type":"WebPage","@id":"https:\/\/almudenatorro.com\/es\/tronadora-gris-3\/","url":"https:\/\/almudenatorro.com\/es\/tronadora-gris-3\/","name":"Tronadora gris 3 - Almudena Torr\u00f3","isPartOf":{"@id":"https:\/\/almudenatorro.com\/es\/#website"},"datePublished":"2025-08-22T10:43:16+00:00","dateModified":"2025-09-09T15:14:17+00:00","description":"My work is more than an act of liberating the soul, creating abstract shapes and volumes where the enigma of light and its shadow becomes a changing compositional element.","breadcrumb":{"@id":"https:\/\/almudenatorro.com\/es\/tronadora-gris-3\/#breadcrumb"},"inLanguage":"es","potentialAction":[{"@type":"ReadAction","target":["https:\/\/almudenatorro.com\/es\/tronadora-gris-3\/"]}]},{"@type":"BreadcrumbList","@id":"https:\/\/almudenatorro.com\/es\/tronadora-gris-3\/#breadcrumb","itemListElement":[{"@type":"ListItem","position":1,"name":"Portada","item":"https:\/\/almudenatorro.com\/es\/"},{"@type":"ListItem","position":2,"name":"Tronadora gris 3"}]},{"@type":"WebSite","@id":"https:\/\/almudenatorro.com\/es\/#website","url":"https:\/\/almudenatorro.com\/es\/","name":"Almudena Torr\u00f3","description":"","potentialAction":[{"@type":"SearchAction","target":{"@type":"EntryPoint","urlTemplate":"https:\/\/almudenatorro.com\/es\/?s={search_term_string}"},"query-input":{"@type":"PropertyValueSpecification","valueRequired":true,"valueName":"search_term_string"}}],"inLanguage":"es"}]}},"_links":{"self":[{"href":"https:\/\/almudenatorro.com\/es\/wp-json\/wp\/v2\/pages\/8031","targetHints":{"allow":["GET"]}}],"collection":[{"href":"https:\/\/almudenatorro.com\/es\/wp-json\/wp\/v2\/pages"}],"about":[{"href":"https:\/\/almudenatorro.com\/es\/wp-json\/wp\/v2\/types\/page"}],"author":[{"embeddable":true,"href":"https:\/\/almudenatorro.com\/es\/wp-json\/wp\/v2\/users\/2"}],"replies":[{"embeddable":true,"href":"https:\/\/almudenatorro.com\/es\/wp-json\/wp\/v2\/comments?post=8031"}],"version-history":[{"count":0,"href":"https:\/\/almudenatorro.com\/es\/wp-json\/wp\/v2\/pages\/8031\/revisions"}],"wp:attachment":[{"href":"https:\/\/almudenatorro.com\/es\/wp-json\/wp\/v2\/media?parent=8031"}],"curies":[{"name":"wp","href":"https:\/\/api.w.org\/{rel}","templated":true}]}}